{"id":82,"date":"2025-03-25T11:39:47","date_gmt":"2025-03-25T11:39:47","guid":{"rendered":"https:\/\/factgo.nextwpcook.com\/?page_id=82"},"modified":"2026-02-18T11:51:32","modified_gmt":"2026-02-18T14:51:32","slug":"projetos","status":"publish","type":"page","link":"https:\/\/thiagomts.com.br\/wjs\/projetos\/","title":{"rendered":"Projetos"},"content":{"rendered":"\t\t<div data-elementor-type=\"wp-page\" data-elementor-id=\"82\" class=\"elementor elementor-82\" data-elementor-post-type=\"page\">\n\t\t\t\t<div class=\"elementor-element elementor-element-4c9c597 e-flex e-con-boxed e-con e-parent\" data-id=\"4c9c597\" data-element_type=\"container\" data-e-type=\"container\">\n\t\t\t\t\t<div class=\"e-con-inner\">\n\t\t\t\t<div class=\"elementor-element elementor-element-6b96868 elementor-widget elementor-widget-txwpc-image-gallery\" data-id=\"6b96868\" data-element_type=\"widget\" data-e-type=\"widget\" data-widget_type=\"txwpc-image-gallery.default\">\n\t\t\t\t<div class=\"elementor-widget-container\">\n\t\t\t\t\t            <div id=\"filters\" class=\"filter-btn441 filter_gallery-button\">\r\n                                    <button class=\"filter_gallery-btn\" data-filter=\"*\">\r\n                        Todos                    <\/button>\r\n                                                <button class=\"filter_gallery-btn\" data-filter=\".tori-instala\u00e7\u00f5es-el\u00e9tricas\">\r\n                    Instala\u00e7\u00f5es El\u00e9tricas                <\/button>\r\n                                <button class=\"filter_gallery-btn\" data-filter=\".tori-carregadores-para-ve\u00edculos-el\u00e9tricos\">\r\n                    Carregadores para Ve\u00edculos El\u00e9tricos                <\/button>\r\n                                <button class=\"filter_gallery-btn\" data-filter=\".tori-energia-solar-fotovoltaica\">\r\n                    Energia Solar Fotovoltaica                <\/button>\r\n                            <\/div>\r\n        \r\n        <div class=\"filter_gallery-area filter-grid441\">\r\n                            <div class=\"filter_gallery-area-item tori-instala\u00e7\u00f5es-el\u00e9tricas\">\r\n                    <div class=\"flexitype_image_slider-item visibility_hidden\">\r\n                        <div class=\"box\">\r\n                            <img decoding=\"async\" src=\"http:\/\/thiagomts.com.br\/wjs\/wp-content\/uploads\/2026\/02\/15204.webp\" alt=\"image\">\r\n                                                        <div class=\"flexitype_image_slider-item-content\">\r\n                                <div class=\"flexitype_image_slider-item-area full_height\">\r\n                                                                            <div class=\"flexitype_image_slider-item-area-icon\">\r\n                                            <a href=\"https:\/\/thiagomts.com.br\/wjs\/portfolio\/adequacao-eletrica-comercial\/\">\r\n                                                <i class=\"flaticon flaticon-right-up\"><\/i>\r\n                                            <\/a>\r\n                                        <\/div>\r\n                                                                                                            <div>\r\n                                                                                                                            <h5 class=\"box-title\">\r\n                                                <a href=\"https:\/\/thiagomts.com.br\/wjs\/portfolio\/adequacao-eletrica-comercial\/\">Adequa\u00e7\u00e3o el\u00e9trica comercial<\/a>\r\n                                            <\/h5>\r\n                                                                                                                    <\/div>\r\n                                <\/div>\r\n                            <\/div>                                    \r\n                        <\/div>\r\n                    <\/div>\r\n                <\/div>\r\n                            <div class=\"filter_gallery-area-item tori-energia-solar-fotovoltaica\">\r\n                    <div class=\"flexitype_image_slider-item visibility_hidden\">\r\n                        <div class=\"box\">\r\n                            <img decoding=\"async\" src=\"http:\/\/thiagomts.com.br\/wjs\/wp-content\/uploads\/2025\/07\/engineer.jpg\" alt=\"image\">\r\n                                                        <div class=\"flexitype_image_slider-item-content\">\r\n                                <div class=\"flexitype_image_slider-item-area full_height\">\r\n                                                                            <div class=\"flexitype_image_slider-item-area-icon\">\r\n                                            <a href=\"https:\/\/thiagomts.com.br\/wjs\/portfolio\/instalacao-de-sistema-fotovoltaico-de-12kwp\/\">\r\n                                                <i class=\"flaticon flaticon-right-up\"><\/i>\r\n                                            <\/a>\r\n                                        <\/div>\r\n                                                                                                            <div>\r\n                                                                                                                            <h5 class=\"box-title\">\r\n                                                <a href=\"https:\/\/thiagomts.com.br\/wjs\/portfolio\/instalacao-de-sistema-fotovoltaico-de-12kwp\/\">Instala\u00e7\u00e3o de sistema fotovoltaico de 12 kWp<\/a>\r\n                                            <\/h5>\r\n                                                                                                                    <\/div>\r\n                                <\/div>\r\n                            <\/div>                                    \r\n                        <\/div>\r\n                    <\/div>\r\n                <\/div>\r\n                            <div class=\"filter_gallery-area-item tori-carregadores-para-ve\u00edculos-el\u00e9tricos\">\r\n                    <div class=\"flexitype_image_slider-item visibility_hidden\">\r\n                        <div class=\"box\">\r\n                            <img decoding=\"async\" src=\"http:\/\/thiagomts.com.br\/wjs\/wp-content\/uploads\/2026\/02\/94933.webp\" alt=\"image\">\r\n                                                        <div class=\"flexitype_image_slider-item-content\">\r\n                                <div class=\"flexitype_image_slider-item-area full_height\">\r\n                                                                            <div class=\"flexitype_image_slider-item-area-icon\">\r\n                                            <a href=\"https:\/\/thiagomts.com.br\/wjs\/portfolio\/instalacao-de-wallbox-residencial\/\">\r\n                                                <i class=\"flaticon flaticon-right-up\"><\/i>\r\n                                            <\/a>\r\n                                        <\/div>\r\n                                                                                                            <div>\r\n                                                                                                                            <h5 class=\"box-title\">\r\n                                                <a href=\"https:\/\/thiagomts.com.br\/wjs\/portfolio\/instalacao-de-wallbox-residencial\/\">Instala\u00e7\u00e3o de Wallbox residencial<\/a>\r\n                                            <\/h5>\r\n                                                                                                                    <\/div>\r\n                                <\/div>\r\n                            <\/div>                                    \r\n                        <\/div>\r\n                    <\/div>\r\n                <\/div>\r\n                    <\/div>\r\n\r\n        <script>\r\n            (function ($) {\r\n\t\t\t\t\"use strict\";\r\n\t\t\t\t$(document).ready(function () {\r\n\t\t\t\t\tvar $grid = $('.filter-grid441').isotope({\r\n\t\t\t\t\t\tlayoutMode: 'masonry',\r\n\t\t\t\t\t});\r\n\t\t\t\t\tvar $firstButton = $('.filter-btn441 button').first();\r\n\t\t\t\t\t$firstButton.addClass('active');\r\n\t\t\t\t\tvar initialFilterValue = $firstButton.attr('data-filter');\r\n\t\t\t\t\t$grid.isotope({ filter: initialFilterValue });\r\n\t\t\t\t\t$('.filter-btn441').on('click', 'button', function () {\r\n\t\t\t\t\t\tvar filterValue = $(this).attr('data-filter');\r\n\t\t\t\t\t\t$grid.isotope({ filter: filterValue });\r\n\t\t\t\t\t\t$('.filter-btn441 button').removeClass('active');\r\n\t\t\t\t\t\t$(this).addClass('active');\r\n\t\t\t\t\t});\r\n                    $('.gallery-it').magnificPopup({\r\n                        type: 'image',\r\n                        gallery:{\r\n                            enabled: true\r\n                        }\r\n                    });\r\n\t\t\t\t});\r\n\t\t\t})(jQuery);\r\n        <\/script>\r\n        \t\t\t\t<\/div>\n\t\t\t\t<\/div>\n\t\t\t\t\t<\/div>\n\t\t\t\t<\/div>\n\t\t\t\t<\/div>\n\t\t","protected":false},"excerpt":{"rendered":"<p>Todos Instala\u00e7\u00f5es El\u00e9tricas Carregadores para Ve\u00edculos El\u00e9tricos Energia Solar Fotovoltaica Adequa\u00e7\u00e3o el\u00e9trica comercial Instala\u00e7\u00e3o de sistema fotovoltaico de 12 kWp Instala\u00e7\u00e3o de Wallbox residencial<\/p>\n","protected":false},"author":1,"featured_media":0,"parent":0,"menu_order":0,"comment_status":"closed","ping_status":"closed","template":"page-builder.php","meta":{"footnotes":""},"class_list":["post-82","page","type-page","status-publish","hentry"],"_links":{"self":[{"href":"https:\/\/thiagomts.com.br\/wjs\/wp-json\/wp\/v2\/pages\/82","targetHints":{"allow":["GET"]}}],"collection":[{"href":"https:\/\/thiagomts.com.br\/wjs\/wp-json\/wp\/v2\/pages"}],"about":[{"href":"https:\/\/thiagomts.com.br\/wjs\/wp-json\/wp\/v2\/types\/page"}],"author":[{"embeddable":true,"href":"https:\/\/thiagomts.com.br\/wjs\/wp-json\/wp\/v2\/users\/1"}],"replies":[{"embeddable":true,"href":"https:\/\/thiagomts.com.br\/wjs\/wp-json\/wp\/v2\/comments?post=82"}],"version-history":[{"count":42,"href":"https:\/\/thiagomts.com.br\/wjs\/wp-json\/wp\/v2\/pages\/82\/revisions"}],"predecessor-version":[{"id":5976,"href":"https:\/\/thiagomts.com.br\/wjs\/wp-json\/wp\/v2\/pages\/82\/revisions\/5976"}],"wp:attachment":[{"href":"https:\/\/thiagomts.com.br\/wjs\/wp-json\/wp\/v2\/media?parent=82"}],"curies":[{"name":"wp","href":"https:\/\/api.w.org\/{rel}","templated":true}]}}