{"id":2161,"date":"2024-03-26T02:00:16","date_gmt":"2024-03-26T02:00:16","guid":{"rendered":"https:\/\/demo.bravisthemes.com\/gurus\/?page_id=2161"},"modified":"2026-01-17T19:50:36","modified_gmt":"2026-01-17T22:50:36","slug":"perguntas-frequentes","status":"publish","type":"page","link":"https:\/\/thiagomts.com.br\/marcio\/perguntas-frequentes\/","title":{"rendered":"Perguntas Frequentes"},"content":{"rendered":"\t\t<div data-elementor-type=\"wp-page\" data-elementor-id=\"2161\" class=\"elementor elementor-2161\" data-elementor-post-type=\"page\">\n\t\t\t\t        <section class=\"elementor-section elementor-top-section elementor-element elementor-element-d8ef166 elementor-section-stretched pxl-row-scroll-fixed elementor-section-boxed elementor-section-height-default elementor-section-height-default pxl-zoom-point-false pxl-section-overflow-visible pxl-section-fix-none pxl-bg-color-none pxl-section-overlay-none\" data-id=\"d8ef166\" data-element_type=\"section\" data-e-type=\"section\" data-settings=\"{&quot;stretch_section&quot;:&quot;section-stretched&quot;}\">\n\n                \n                <div class=\"elementor-container elementor-column-gap-extended \">\n                <div class=\"elementor-column elementor-col-50 elementor-top-column elementor-element elementor-element-6bbf7e2 pxl-column-sticky pxl-column-overflow-hidden-no\" data-id=\"6bbf7e2\" data-element_type=\"column\" data-e-type=\"column\">\r\n        <div class=\"elementor-widget-wrap elementor-element-populated\">\r\n                     \r\n        \t\t<div class=\"elementor-element elementor-element-c822c08 elementor-widget elementor-widget-pxl_heading\" data-id=\"c822c08\" data-element_type=\"widget\" data-e-type=\"widget\" data-widget_type=\"pxl_heading.default\">\n\t\t\t\t<div class=\"elementor-widget-container\">\n\t\t\t\t\t\n<div id=\"pxl-pxl_heading-c822c08-7774\" class=\"pxl-heading  pxl-subtitle-box-3\" >\n\t<div class=\"pxl-heading--container\" >\n\t\t<div class=\"pxl-heading--inner\">\n\t\t\t\t\t\t\t<div class=\"pxl-item--subtitle wow fadeInUp\" data-wow-delay=\"ms\">\n\t\t\t\t\t<span class=\"pxl-item--subtext \">\n\t\t\t\t\t\tPerguntas frequentes\t\t\t\t\t<\/span>\n\t\t\t\t<\/div>\n\t\t\t\t\t\t\t\t\t<h2 class=\"pxl-item--title pxl-heading-default  wow fadeInUp\" data-wow-delay=\"ms\">\n\t\t\t\tTire suas d\u00favidas!\t\t\t\t\t\n\t\t\t\t\t\t\t<\/h2>\n\t\t<\/div>\n\t\t\n\t<\/div>\n<\/div>\n\t\t\t\t<\/div>\n\t\t\t\t<\/div>\n\t\t\t\t<div class=\"elementor-element elementor-element-ab861f6 elementor-widget elementor-widget-pxl_text_editor\" data-id=\"ab861f6\" data-element_type=\"widget\" data-e-type=\"widget\" data-widget_type=\"pxl_text_editor.default\">\n\t\t\t\t<div class=\"elementor-widget-container\">\n\t\t\t\t\t<div class=\"pxl-text-editor\">\n\t<div class=\"pxl-item--inner    \" data-wow-delay=\"ms\">\n\t\t<p>Nossa equipe est\u00e1 sempre pronta para responder a todas as suas d\u00favidas.<\/p>\t\t\n\t<\/div>\n<\/div>\t\t\t\t<\/div>\n\t\t\t\t<\/div>\n\t\t\t\t<div class=\"elementor-element elementor-element-bf4d3d6 elementor-widget elementor-widget-pxl_button\" data-id=\"bf4d3d6\" data-element_type=\"widget\" data-e-type=\"widget\" data-widget_type=\"pxl_button.default\">\n\t\t\t\t<div class=\"elementor-widget-container\">\n\t\t\t\t\t<div class=\"pxl-button\">\r\n    <div class=\"pxl-item--container\">\r\n        <div class=\"pxl-item--inner\">\r\n            <a class=\"btn pxl-item--button pxl-btn-default pxl-btn-large pxl-btn-border pxl-btn-dark  pxl-hover-default   wow fadeInUp \" href=\"https:\/\/thiagomts.com.br\/marcio\/contact-us\/\" data-wow-delay=\"ms\" data-text=\"Fale Conosco\">\r\n                <span class=\"pxl-btn--text\">Fale Conosco<\/span>\r\n                                                            <i class=\"pxl-icon--default flaticon flaticon-up-right-arrow\"><\/i>\r\n                                                <\/a>\r\n        <\/div>\r\n    <\/div>\r\n<\/div>\r\n\r\n\t\t\t\t<\/div>\n\t\t\t\t<\/div>\n\t\t            <\/div>\r\n        <\/div>\r\n                <div class=\"elementor-column elementor-col-50 elementor-top-column elementor-element elementor-element-15b421b pxl-column-none pxl-column-overflow-hidden-no\" data-id=\"15b421b\" data-element_type=\"column\" data-e-type=\"column\">\r\n        <div class=\"elementor-widget-wrap elementor-element-populated\">\r\n                     \r\n        \t\t<div class=\"elementor-element elementor-element-d2d0d32 elementor-invisible elementor-widget elementor-widget-pxl_accordion\" data-id=\"d2d0d32\" data-element_type=\"widget\" data-e-type=\"widget\" data-settings=\"{&quot;_animation&quot;:&quot;fadeIn&quot;}\" data-widget_type=\"pxl_accordion.default\">\n\t\t\t\t<div class=\"elementor-widget-container\">\n\t\t\t\t\t    <div class=\"pxl-accordion pxl-accordion1 pxl-accordion-style-default  \" data-wow-delay=\"ms\">\r\n                    <div class=\"pxl--item active\">\r\n                <h5 class=\"pxl-accordion--title\" data-target=\"#pxl_accordion-d2d0d32-4445-004aad0\">\r\n                                        <span class=\"pxl-title--text\">Quem tem direito \u00e0 aposentadoria pelo INSS?<\/span>\r\n                    <span class=\"pxl-icon--action \"><\/i><\/span>\r\n                <\/h5>\r\n                <div id=\"pxl_accordion-d2d0d32-4445-004aad0\" class=\"pxl-accordion--content pxl-p3\" style=\"display: block;\">T\u00eam direito \u00e0 aposentadoria pelo INSS os trabalhadores que contribu\u00edram para a Previd\u00eancia Social e cumpriram os requisitos m\u00ednimos de idade, tempo de contribui\u00e7\u00e3o ou regras de transi\u00e7\u00e3o, conforme a legisla\u00e7\u00e3o vigente ap\u00f3s a Reforma da Previd\u00eancia.<\/div>\r\n            <\/div>\r\n                    <div class=\"pxl--item \">\r\n                <h5 class=\"pxl-accordion--title\" data-target=\"#pxl_accordion-d2d0d32-4445-4127c4c\">\r\n                                        <span class=\"pxl-title--text\">Qual \u00e9 o tempo m\u00ednimo de contribui\u00e7\u00e3o para se aposentar?<\/span>\r\n                    <span class=\"pxl-icon--action \"><\/i><\/span>\r\n                <\/h5>\r\n                <div id=\"pxl_accordion-d2d0d32-4445-4127c4c\" class=\"pxl-accordion--content pxl-p3\" >O tempo m\u00ednimo de contribui\u00e7\u00e3o varia conforme o tipo de aposentadoria. Em geral, s\u00e3o exigidos 15 anos de contribui\u00e7\u00e3o para mulheres e 20 anos para homens, al\u00e9m do cumprimento da idade m\u00ednima ou das regras de transi\u00e7\u00e3o.<\/div>\r\n            <\/div>\r\n                    <div class=\"pxl--item \">\r\n                <h5 class=\"pxl-accordion--title\" data-target=\"#pxl_accordion-d2d0d32-4445-94fa07e\">\r\n                                        <span class=\"pxl-title--text\">Como saber qual \u00e9 a melhor aposentadoria para o meu caso?<\/span>\r\n                    <span class=\"pxl-icon--action \"><\/i><\/span>\r\n                <\/h5>\r\n                <div id=\"pxl_accordion-d2d0d32-4445-94fa07e\" class=\"pxl-accordion--content pxl-p3\" >A melhor aposentadoria depende do hist\u00f3rico de contribui\u00e7\u00f5es, idade, profiss\u00e3o e regras aplic\u00e1veis. Uma an\u00e1lise previdenci\u00e1ria feita por advogado especializado permite identificar o benef\u00edcio mais vantajoso e evitar preju\u00edzos financeiros.<\/div>\r\n            <\/div>\r\n                    <div class=\"pxl--item \">\r\n                <h5 class=\"pxl-accordion--title\" data-target=\"#pxl_accordion-d2d0d32-4445-2d211bf\">\r\n                                        <span class=\"pxl-title--text\">Posso revisar minha aposentadoria depois que ela foi concedida?<\/span>\r\n                    <span class=\"pxl-icon--action \"><\/i><\/span>\r\n                <\/h5>\r\n                <div id=\"pxl_accordion-d2d0d32-4445-2d211bf\" class=\"pxl-accordion--content pxl-p3\" >Sim. \u00c9 poss\u00edvel solicitar a revis\u00e3o da aposentadoria quando h\u00e1 erro de c\u00e1lculo, falta de inclus\u00e3o de per\u00edodos trabalhados ou contribui\u00e7\u00f5es incorretas. O prazo para pedir a revis\u00e3o \u00e9, em regra, de at\u00e9 10 anos ap\u00f3s a concess\u00e3o do benef\u00edcio.<\/div>\r\n            <\/div>\r\n                    <div class=\"pxl--item \">\r\n                <h5 class=\"pxl-accordion--title\" data-target=\"#pxl_accordion-d2d0d32-4445-c38c78f\">\r\n                                        <span class=\"pxl-title--text\">Vale a pena contratar um advogado previdenci\u00e1rio para dar entrada no INSS?<\/span>\r\n                    <span class=\"pxl-icon--action \"><\/i><\/span>\r\n                <\/h5>\r\n                <div id=\"pxl_accordion-d2d0d32-4445-c38c78f\" class=\"pxl-accordion--content pxl-p3\" >Sim. Um advogado previdenci\u00e1rio aumenta as chances de aprova\u00e7\u00e3o do benef\u00edcio, garante que todos os direitos sejam considerados e reduz riscos de atrasos, indeferimentos ou valores menores do que o devido.<\/div>\r\n            <\/div>\r\n            <\/div>\r\n\t\t\t\t<\/div>\n\t\t\t\t<\/div>\n\t\t            <\/div>\r\n        <\/div>\r\n        \t\t\t<\/div>\n\t\t<\/section>\n\t\t\t\t<\/div>\n\t\t","protected":false},"excerpt":{"rendered":"<p>Perguntas frequentes Tire suas d\u00favidas! Nossa equipe est\u00e1 sempre pronta para responder a todas as suas d\u00favidas. Fale Conosco Quem tem direito \u00e0 aposentadoria pelo INSS? T\u00eam direito \u00e0 aposentadoria pelo INSS os trabalhadores que contribu\u00edram para a Previd\u00eancia Social e cumpriram os requisitos m\u00ednimos de idade, tempo de contribui\u00e7\u00e3o ou regras de transi\u00e7\u00e3o, conforme [&hellip;]<\/p>\n","protected":false},"author":1,"featured_media":0,"parent":0,"menu_order":0,"comment_status":"closed","ping_status":"closed","template":"","meta":{"footnotes":""},"class_list":["post-2161","page","type-page","status-publish","hentry"],"_links":{"self":[{"href":"https:\/\/thiagomts.com.br\/marcio\/wp-json\/wp\/v2\/pages\/2161","targetHints":{"allow":["GET"]}}],"collection":[{"href":"https:\/\/thiagomts.com.br\/marcio\/wp-json\/wp\/v2\/pages"}],"about":[{"href":"https:\/\/thiagomts.com.br\/marcio\/wp-json\/wp\/v2\/types\/page"}],"author":[{"embeddable":true,"href":"https:\/\/thiagomts.com.br\/marcio\/wp-json\/wp\/v2\/users\/1"}],"replies":[{"embeddable":true,"href":"https:\/\/thiagomts.com.br\/marcio\/wp-json\/wp\/v2\/comments?post=2161"}],"version-history":[{"count":14,"href":"https:\/\/thiagomts.com.br\/marcio\/wp-json\/wp\/v2\/pages\/2161\/revisions"}],"predecessor-version":[{"id":24238,"href":"https:\/\/thiagomts.com.br\/marcio\/wp-json\/wp\/v2\/pages\/2161\/revisions\/24238"}],"wp:attachment":[{"href":"https:\/\/thiagomts.com.br\/marcio\/wp-json\/wp\/v2\/media?parent=2161"}],"curies":[{"name":"wp","href":"https:\/\/api.w.org\/{rel}","templated":true}]}}